{"id":7916,"date":"2021-06-10T11:08:37","date_gmt":"2021-06-10T09:08:37","guid":{"rendered":"https:\/\/skinproject.com.pl\/?post_type=product&#038;p=7916"},"modified":"2021-06-10T11:23:33","modified_gmt":"2021-06-10T09:23:33","slug":"skinproject-copygel-100-ml","status":"publish","type":"product","link":"https:\/\/skinproject.com.pl\/en\/shop\/skinproject-copygel-100-ml\/","title":{"rendered":"SkinProject CopyGel \u2013 100 ml"},"content":{"rendered":"\t\t<div data-elementor-type=\"product-post\" data-elementor-id=\"7916\" class=\"elementor elementor-7916\" data-elementor-post-type=\"product\">\n\t\t\t\t\t\t<section class=\"elementor-section elementor-top-section elementor-element elementor-element-de8014b elementor-section-boxed elementor-section-height-default elementor-section-height-default\" data-id=\"de8014b\" data-element_type=\"section\" data-e-type=\"section\">\n\t\t\t\t\t\t<div class=\"elementor-container elementor-column-gap-default\">\n\t\t\t\t\t<div class=\"elementor-column elementor-col-100 elementor-top-column elementor-element elementor-element-1e63fa21\" data-id=\"1e63fa21\" data-element_type=\"column\" data-e-type=\"column\">\n\t\t\t<div class=\"elementor-widget-wrap elementor-element-populated\">\n\t\t\t\t\t\t<div class=\"elementor-element elementor-element-119e2d13 elementor-widget elementor-widget-text-editor\" data-id=\"119e2d13\" data-element_type=\"widget\" data-e-type=\"widget\" data-widget_type=\"text-editor.default\">\n\t\t\t\t<div class=\"elementor-widget-container\">\n\t\t\t\t\t\t\t\t\t<p>SkinProject CopyGel is a specialized gel for transferring a tattoo stencil onto the skin, designed for professional tattoo artist. Thanks to its unique formula the transferred tattoo stencil is very durable and precise. The gel form ensures perfect adherence of the stencils to the body and maximum transfer of stencils to the skin. The product is very efficient and its delicate formula based mostly on natural ingredients is gentle to the skin.<\/p>\n<h2><strong>Ingredients:<\/strong><\/h2>\n<p>Aqua, Glycerin, Alcohol Denat., Propanediol, Xanthan Gum, Hydroxyacetophenone, Polyquaternium-7, Sodium Benzoate.<\/p>\t\t\t\t\t\t\t\t<\/div>\n\t\t\t\t<\/div>\n\t\t\t\t\t<\/div>\n\t\t<\/div>\n\t\t\t\t\t<\/div>\n\t\t<\/section>\n\t\t\t\t<section class=\"elementor-section elementor-top-section elementor-element elementor-element-ff12ed8 elementor-section-boxed elementor-section-height-default elementor-section-height-default\" data-id=\"ff12ed8\" data-element_type=\"section\" data-e-type=\"section\">\n\t\t\t\t\t\t<div class=\"elementor-container elementor-column-gap-default\">\n\t\t\t\t\t<div class=\"elementor-column elementor-col-100 elementor-top-column elementor-element elementor-element-a287a2a\" data-id=\"a287a2a\" data-element_type=\"column\" data-e-type=\"column\">\n\t\t\t<div class=\"elementor-widget-wrap elementor-element-populated\">\n\t\t\t\t\t\t<div class=\"elementor-element elementor-element-12a34a9 elementor-widget elementor-widget-image\" data-id=\"12a34a9\" data-element_type=\"widget\" data-e-type=\"widget\" data-widget_type=\"image.default\">\n\t\t\t\t<div class=\"elementor-widget-container\">\n\t\t\t\t\t\t\t\t\t\t\t\t\t\t\t<img loading=\"lazy\" decoding=\"async\" width=\"1151\" height=\"1536\" src=\"https:\/\/skinproject.com.pl\/wp-content\/uploads\/2021\/03\/Untitled_Artwork-2021-03-30T114111.743-1151x1536.jpg\" class=\"attachment-1536x1536 size-1536x1536 wp-image-7487\" alt=\"SkinProject CopyGel \u2013 100 ml\" srcset=\"https:\/\/skinproject.com.pl\/wp-content\/uploads\/2021\/03\/Untitled_Artwork-2021-03-30T114111.743-1151x1536.jpg 1151w, https:\/\/skinproject.com.pl\/wp-content\/uploads\/2021\/03\/Untitled_Artwork-2021-03-30T114111.743-225x300.jpg 225w, https:\/\/skinproject.com.pl\/wp-content\/uploads\/2021\/03\/Untitled_Artwork-2021-03-30T114111.743-768x1025.jpg 768w, https:\/\/skinproject.com.pl\/wp-content\/uploads\/2021\/03\/Untitled_Artwork-2021-03-30T114111.743-1535x2048.jpg 1535w, https:\/\/skinproject.com.pl\/wp-content\/uploads\/2021\/03\/Untitled_Artwork-2021-03-30T114111.743-500x667.jpg 500w, https:\/\/skinproject.com.pl\/wp-content\/uploads\/2021\/03\/Untitled_Artwork-2021-03-30T114111.743-scaled.jpg 1919w\" sizes=\"auto, (max-width: 1151px) 100vw, 1151px\" \/>\t\t\t\t\t\t\t\t\t\t\t\t\t\t\t<\/div>\n\t\t\t\t<\/div>\n\t\t\t\t\t<\/div>\n\t\t<\/div>\n\t\t\t\t\t<\/div>\n\t\t<\/section>\n\t\t\t\t<\/div>\n\t\t","protected":false},"excerpt":{"rendered":"<p>Specialized gel for transferring a tattoo stencil onto the skin<\/p>\n","protected":false},"featured_media":7912,"comment_status":"open","ping_status":"closed","template":"","meta":{"site-sidebar-layout":"no-sidebar","site-content-layout":"plain-container","ast-site-content-layout":"","site-content-style":"default","site-sidebar-style":"default","ast-global-header-display":"","ast-banner-title-visibility":"","ast-main-header-display":"","ast-hfb-above-header-display":"","ast-hfb-below-header-display":"","ast-hfb-mobile-header-display":"","site-post-title":"disabled","ast-breadcrumbs-content":"","ast-featured-img":"","footer-sml-layout":"","theme-transparent-header-meta":"default","adv-header-id-meta":"","stick-header-meta":"default","header-above-stick-meta":"","header-main-stick-meta":"","header-below-stick-meta":"","astra-migrate-meta-layouts":"default","ast-page-background-enabled":"default","ast-page-background-meta":{"desktop":{"background-color":"","background-image":"","background-repeat":"repeat","background-position":"center center","background-size":"auto","background-attachment":"scroll","background-type":"","background-media":"","overlay-type":"","overlay-color":"","overlay-opacity":"","overlay-gradient":""},"tablet":{"background-color":"","background-image":"","background-repeat":"repeat","background-position":"center center","background-size":"auto","background-attachment":"scroll","background-type":"","background-media":"","overlay-type":"","overlay-color":"","overlay-opacity":"","overlay-gradient":""},"mobile":{"background-color":"","background-image":"","background-repeat":"repeat","background-position":"center center","background-size":"auto","background-attachment":"scroll","background-type":"","background-media":"","overlay-type":"","overlay-color":"","overlay-opacity":"","overlay-gradient":""}},"ast-content-background-meta":{"desktop":{"background-color":"var(--ast-global-color-5)","background-image":"","background-repeat":"repeat","background-position":"center center","background-size":"auto","background-attachment":"scroll","background-type":"","background-media":"","overlay-type":"","overlay-color":"","overlay-opacity":"","overlay-gradient":""},"tablet":{"background-color":"var(--ast-global-color-5)","background-image":"","background-repeat":"repeat","background-position":"center center","background-size":"auto","background-attachment":"scroll","background-type":"","background-media":"","overlay-type":"","overlay-color":"","overlay-opacity":"","overlay-gradient":""},"mobile":{"background-color":"var(--ast-global-color-5)","background-image":"","background-repeat":"repeat","background-position":"center center","background-size":"auto","background-attachment":"scroll","background-type":"","background-media":"","overlay-type":"","overlay-color":"","overlay-opacity":"","overlay-gradient":""}}},"product_brand":[],"product_cat":[107,102],"product_tag":[109],"class_list":{"0":"post-7916","1":"product","2":"type-product","3":"status-publish","4":"has-post-thumbnail","6":"product_cat-during-tattooing","7":"product_cat-skinproject-en","8":"product_tag-featured","9":"product_shipping_class-mail-order-class-cosmetic","10":"desktop-align-center","11":"tablet-align-center","12":"mobile-align-center","14":"first","15":"instock","16":"shipping-taxable","17":"purchasable","18":"product-type-simple"},"yoast_head":"<!-- This site is optimized with the Yoast SEO plugin v27.3 - https:\/\/yoast.com\/product\/yoast-seo-wordpress\/ -->\n<title>SkinProject CopyGel \u2013 100 ml - SkinProject<\/title>\n<meta name=\"description\" content=\"Specialized gel for transferring a tattoo stencil onto the skin.\" \/>\n<meta name=\"robots\" content=\"index, follow, max-snippet:-1, max-image-preview:large, max-video-preview:-1\" \/>\n<link rel=\"canonical\" href=\"https:\/\/skinproject.com.pl\/en\/shop\/skinproject-copygel-100-ml\/\" \/>\n<meta property=\"og:locale\" content=\"en_US\" \/>\n<meta property=\"og:type\" content=\"article\" \/>\n<meta property=\"og:title\" content=\"Tattoo Process Butter - 50g\" \/>\n<meta property=\"og:description\" content=\"Mas\u0142o do odbudowy sk\u00f3ry. Produkt w 100% naturalny, wega\u0144ski.\" \/>\n<meta property=\"og:url\" content=\"https:\/\/skinproject.com.pl\/en\/shop\/skinproject-copygel-100-ml\/\" \/>\n<meta property=\"og:site_name\" content=\"SkinProject\" \/>\n<meta property=\"article:publisher\" content=\"https:\/\/www.facebook.com\/tattooskinproject\/\" \/>\n<meta property=\"article:modified_time\" content=\"2021-06-10T09:23:33+00:00\" \/>\n<meta property=\"og:image\" content=\"https:\/\/skinproject.com.pl\/wp-content\/uploads\/2020\/08\/butter-100g-fb.jpg\" \/>\n\t<meta property=\"og:image:width\" content=\"600\" \/>\n\t<meta property=\"og:image:height\" content=\"312\" \/>\n\t<meta property=\"og:image:type\" content=\"image\/jpeg\" \/>\n<meta name=\"twitter:card\" content=\"summary_large_image\" \/>\n<meta name=\"twitter:label1\" content=\"Est. reading time\" \/>\n\t<meta name=\"twitter:data1\" content=\"1 minute\" \/>\n<script type=\"application\/ld+json\" class=\"yoast-schema-graph\">{\"@context\":\"https:\\\/\\\/schema.org\",\"@graph\":[{\"@type\":\"WebPage\",\"@id\":\"https:\\\/\\\/skinproject.com.pl\\\/en\\\/shop\\\/skinproject-copygel-100-ml\\\/\",\"url\":\"https:\\\/\\\/skinproject.com.pl\\\/en\\\/shop\\\/skinproject-copygel-100-ml\\\/\",\"name\":\"SkinProject CopyGel \u2013 100 ml - SkinProject\",\"isPartOf\":{\"@id\":\"https:\\\/\\\/skinproject.com.pl\\\/en\\\/#website\"},\"primaryImageOfPage\":{\"@id\":\"https:\\\/\\\/skinproject.com.pl\\\/en\\\/shop\\\/skinproject-copygel-100-ml\\\/#primaryimage\"},\"image\":{\"@id\":\"https:\\\/\\\/skinproject.com.pl\\\/en\\\/shop\\\/skinproject-copygel-100-ml\\\/#primaryimage\"},\"thumbnailUrl\":\"https:\\\/\\\/skinproject.com.pl\\\/wp-content\\\/uploads\\\/2021\\\/06\\\/SkinProject-CopyGel-100ml.jpg\",\"datePublished\":\"2021-06-10T09:08:37+00:00\",\"dateModified\":\"2021-06-10T09:23:33+00:00\",\"description\":\"Specialized gel for transferring a tattoo stencil onto the skin.\",\"breadcrumb\":{\"@id\":\"https:\\\/\\\/skinproject.com.pl\\\/en\\\/shop\\\/skinproject-copygel-100-ml\\\/#breadcrumb\"},\"inLanguage\":\"en-US\",\"potentialAction\":[{\"@type\":\"ReadAction\",\"target\":[\"https:\\\/\\\/skinproject.com.pl\\\/en\\\/shop\\\/skinproject-copygel-100-ml\\\/\"]}]},{\"@type\":\"ImageObject\",\"inLanguage\":\"en-US\",\"@id\":\"https:\\\/\\\/skinproject.com.pl\\\/en\\\/shop\\\/skinproject-copygel-100-ml\\\/#primaryimage\",\"url\":\"https:\\\/\\\/skinproject.com.pl\\\/wp-content\\\/uploads\\\/2021\\\/06\\\/SkinProject-CopyGel-100ml.jpg\",\"contentUrl\":\"https:\\\/\\\/skinproject.com.pl\\\/wp-content\\\/uploads\\\/2021\\\/06\\\/SkinProject-CopyGel-100ml.jpg\",\"width\":800,\"height\":800,\"caption\":\"CopyGel 100ml\"},{\"@type\":\"BreadcrumbList\",\"@id\":\"https:\\\/\\\/skinproject.com.pl\\\/en\\\/shop\\\/skinproject-copygel-100-ml\\\/#breadcrumb\",\"itemListElement\":[{\"@type\":\"ListItem\",\"position\":1,\"name\":\"Home\",\"item\":\"https:\\\/\\\/skinproject.com.pl\\\/en\\\/\"},{\"@type\":\"ListItem\",\"position\":2,\"name\":\"Sklep\",\"item\":\"https:\\\/\\\/skinproject.com.pl\\\/sklep\\\/\"},{\"@type\":\"ListItem\",\"position\":3,\"name\":\"SkinProject CopyGel \u2013 100 ml\"}]},{\"@type\":\"WebSite\",\"@id\":\"https:\\\/\\\/skinproject.com.pl\\\/en\\\/#website\",\"url\":\"https:\\\/\\\/skinproject.com.pl\\\/en\\\/\",\"name\":\"SkinProject\",\"description\":\"\",\"publisher\":{\"@id\":\"https:\\\/\\\/skinproject.com.pl\\\/en\\\/#organization\"},\"potentialAction\":[{\"@type\":\"SearchAction\",\"target\":{\"@type\":\"EntryPoint\",\"urlTemplate\":\"https:\\\/\\\/skinproject.com.pl\\\/en\\\/?s={search_term_string}\"},\"query-input\":{\"@type\":\"PropertyValueSpecification\",\"valueRequired\":true,\"valueName\":\"search_term_string\"}}],\"inLanguage\":\"en-US\"},{\"@type\":\"Organization\",\"@id\":\"https:\\\/\\\/skinproject.com.pl\\\/en\\\/#organization\",\"name\":\"SkinProject\",\"url\":\"https:\\\/\\\/skinproject.com.pl\\\/en\\\/\",\"logo\":{\"@type\":\"ImageObject\",\"inLanguage\":\"en-US\",\"@id\":\"https:\\\/\\\/skinproject.com.pl\\\/en\\\/#\\\/schema\\\/logo\\\/image\\\/\",\"url\":\"https:\\\/\\\/skinproject.com.pl\\\/wp-content\\\/uploads\\\/2019\\\/11\\\/logo.png\",\"contentUrl\":\"https:\\\/\\\/skinproject.com.pl\\\/wp-content\\\/uploads\\\/2019\\\/11\\\/logo.png\",\"width\":300,\"height\":300,\"caption\":\"SkinProject\"},\"image\":{\"@id\":\"https:\\\/\\\/skinproject.com.pl\\\/en\\\/#\\\/schema\\\/logo\\\/image\\\/\"},\"sameAs\":[\"https:\\\/\\\/www.facebook.com\\\/tattooskinproject\\\/\",\"https:\\\/\\\/www.instagram.com\\\/skinprojecttattoo\\\/\"]}]}<\/script>\n<!-- \/ Yoast SEO plugin. -->","yoast_head_json":{"title":"SkinProject CopyGel \u2013 100 ml - SkinProject","description":"Specialized gel for transferring a tattoo stencil onto the skin.","robots":{"index":"index","follow":"follow","max-snippet":"max-snippet:-1","max-image-preview":"max-image-preview:large","max-video-preview":"max-video-preview:-1"},"canonical":"https:\/\/skinproject.com.pl\/en\/shop\/skinproject-copygel-100-ml\/","og_locale":"en_US","og_type":"article","og_title":"Tattoo Process Butter - 50g","og_description":"Mas\u0142o do odbudowy sk\u00f3ry. Produkt w 100% naturalny, wega\u0144ski.","og_url":"https:\/\/skinproject.com.pl\/en\/shop\/skinproject-copygel-100-ml\/","og_site_name":"SkinProject","article_publisher":"https:\/\/www.facebook.com\/tattooskinproject\/","article_modified_time":"2021-06-10T09:23:33+00:00","og_image":[{"width":600,"height":312,"url":"https:\/\/skinproject.com.pl\/wp-content\/uploads\/2020\/08\/butter-100g-fb.jpg","type":"image\/jpeg"}],"twitter_card":"summary_large_image","twitter_misc":{"Est. reading time":"1 minute"},"schema":{"@context":"https:\/\/schema.org","@graph":[{"@type":"WebPage","@id":"https:\/\/skinproject.com.pl\/en\/shop\/skinproject-copygel-100-ml\/","url":"https:\/\/skinproject.com.pl\/en\/shop\/skinproject-copygel-100-ml\/","name":"SkinProject CopyGel \u2013 100 ml - SkinProject","isPartOf":{"@id":"https:\/\/skinproject.com.pl\/en\/#website"},"primaryImageOfPage":{"@id":"https:\/\/skinproject.com.pl\/en\/shop\/skinproject-copygel-100-ml\/#primaryimage"},"image":{"@id":"https:\/\/skinproject.com.pl\/en\/shop\/skinproject-copygel-100-ml\/#primaryimage"},"thumbnailUrl":"https:\/\/skinproject.com.pl\/wp-content\/uploads\/2021\/06\/SkinProject-CopyGel-100ml.jpg","datePublished":"2021-06-10T09:08:37+00:00","dateModified":"2021-06-10T09:23:33+00:00","description":"Specialized gel for transferring a tattoo stencil onto the skin.","breadcrumb":{"@id":"https:\/\/skinproject.com.pl\/en\/shop\/skinproject-copygel-100-ml\/#breadcrumb"},"inLanguage":"en-US","potentialAction":[{"@type":"ReadAction","target":["https:\/\/skinproject.com.pl\/en\/shop\/skinproject-copygel-100-ml\/"]}]},{"@type":"ImageObject","inLanguage":"en-US","@id":"https:\/\/skinproject.com.pl\/en\/shop\/skinproject-copygel-100-ml\/#primaryimage","url":"https:\/\/skinproject.com.pl\/wp-content\/uploads\/2021\/06\/SkinProject-CopyGel-100ml.jpg","contentUrl":"https:\/\/skinproject.com.pl\/wp-content\/uploads\/2021\/06\/SkinProject-CopyGel-100ml.jpg","width":800,"height":800,"caption":"CopyGel 100ml"},{"@type":"BreadcrumbList","@id":"https:\/\/skinproject.com.pl\/en\/shop\/skinproject-copygel-100-ml\/#breadcrumb","itemListElement":[{"@type":"ListItem","position":1,"name":"Home","item":"https:\/\/skinproject.com.pl\/en\/"},{"@type":"ListItem","position":2,"name":"Sklep","item":"https:\/\/skinproject.com.pl\/sklep\/"},{"@type":"ListItem","position":3,"name":"SkinProject CopyGel \u2013 100 ml"}]},{"@type":"WebSite","@id":"https:\/\/skinproject.com.pl\/en\/#website","url":"https:\/\/skinproject.com.pl\/en\/","name":"SkinProject","description":"","publisher":{"@id":"https:\/\/skinproject.com.pl\/en\/#organization"},"potentialAction":[{"@type":"SearchAction","target":{"@type":"EntryPoint","urlTemplate":"https:\/\/skinproject.com.pl\/en\/?s={search_term_string}"},"query-input":{"@type":"PropertyValueSpecification","valueRequired":true,"valueName":"search_term_string"}}],"inLanguage":"en-US"},{"@type":"Organization","@id":"https:\/\/skinproject.com.pl\/en\/#organization","name":"SkinProject","url":"https:\/\/skinproject.com.pl\/en\/","logo":{"@type":"ImageObject","inLanguage":"en-US","@id":"https:\/\/skinproject.com.pl\/en\/#\/schema\/logo\/image\/","url":"https:\/\/skinproject.com.pl\/wp-content\/uploads\/2019\/11\/logo.png","contentUrl":"https:\/\/skinproject.com.pl\/wp-content\/uploads\/2019\/11\/logo.png","width":300,"height":300,"caption":"SkinProject"},"image":{"@id":"https:\/\/skinproject.com.pl\/en\/#\/schema\/logo\/image\/"},"sameAs":["https:\/\/www.facebook.com\/tattooskinproject\/","https:\/\/www.instagram.com\/skinprojecttattoo\/"]}]}},"_links":{"self":[{"href":"https:\/\/skinproject.com.pl\/en\/wp-json\/wp\/v2\/product\/7916","targetHints":{"allow":["GET"]}}],"collection":[{"href":"https:\/\/skinproject.com.pl\/en\/wp-json\/wp\/v2\/product"}],"about":[{"href":"https:\/\/skinproject.com.pl\/en\/wp-json\/wp\/v2\/types\/product"}],"replies":[{"embeddable":true,"href":"https:\/\/skinproject.com.pl\/en\/wp-json\/wp\/v2\/comments?post=7916"}],"version-history":[{"count":4,"href":"https:\/\/skinproject.com.pl\/en\/wp-json\/wp\/v2\/product\/7916\/revisions"}],"predecessor-version":[{"id":7920,"href":"https:\/\/skinproject.com.pl\/en\/wp-json\/wp\/v2\/product\/7916\/revisions\/7920"}],"wp:featuredmedia":[{"embeddable":true,"href":"https:\/\/skinproject.com.pl\/en\/wp-json\/wp\/v2\/media\/7912"}],"wp:attachment":[{"href":"https:\/\/skinproject.com.pl\/en\/wp-json\/wp\/v2\/media?parent=7916"}],"wp:term":[{"taxonomy":"product_brand","embeddable":true,"href":"https:\/\/skinproject.com.pl\/en\/wp-json\/wp\/v2\/product_brand?post=7916"},{"taxonomy":"product_cat","embeddable":true,"href":"https:\/\/skinproject.com.pl\/en\/wp-json\/wp\/v2\/product_cat?post=7916"},{"taxonomy":"product_tag","embeddable":true,"href":"https:\/\/skinproject.com.pl\/en\/wp-json\/wp\/v2\/product_tag?post=7916"}],"curies":[{"name":"wp","href":"https:\/\/api.w.org\/{rel}","templated":true}]}}